{"id":409,"date":"2013-10-28T19:09:31","date_gmt":"2013-10-28T17:09:31","guid":{"rendered":"http:\/\/helmfoto.net\/?page_id=409"},"modified":"2020-05-27T16:57:23","modified_gmt":"2020-05-27T14:57:23","slug":"impressum","status":"publish","type":"page","link":"https:\/\/helmfoto.net\/?page_id=409","title":{"rendered":"Impressum"},"content":{"rendered":"<h1>IMPRESSUM<\/h1>\n<p style=\"text-align: justify;\"><strong>Bildrechte<\/strong>: Alle Werke und Webgrafiken sind durch das g\u00fcltige deutsche Urheberrecht gesch\u00fctzt. Dieses liegt, soweit nicht anders deklariert, bei Jan-Hendrik Helm. Eine Weitergabe\/Verwendung ohne ausdr\u00fcckliche schriftliche Genehmigung des Fotografen &amp; Rechtsinhabers\u00a0 ist nicht gestattet.<\/p>\n<p style=\"text-align: justify;\"><strong>Haftungshinweis<\/strong>: Trotz sorgf\u00e4ltiger inhaltlicher Kontrolle \u00fcbernehmen wir keine Haftung f\u00fcr die Inhalte externer Links. F\u00fcr den Inhalt der verlinkten Seiten sind ausschlie\u00dflich deren Betreiber verantwortlich!<\/p>\n<p class=\"font_8\">Verantwortlich f\u00fcr den Inhalt nach \u00a7 55 Abs. 2 RStV:<\/p>\n<p class=\"font_8\">Jan-Hendrik Helm<\/p>\n<p class=\"font_8\">Wilhelm-Plesse Str. 20<\/p>\n<p class=\"font_8\">04157 Leipzig<\/p>\n<p class=\"font_8\">E-Mail: info@helmfoto.net<\/p>\n<p class=\"font_8\">Internet: helmfoto.net<\/p>\n<p class=\"font_8\">\u200b<\/p>\n<p class=\"font_8\">Haftungsausschluss (Disclaimer)<\/p>\n<p class=\"font_8\">Haftung f\u00fcr Inhalte<\/p>\n<p class=\"font_8\">\u200b<\/p>\n<p class=\"font_8\">Als Diensteanbieter sind wir gem\u00e4\u00df \u00a7 7 Abs.1 TMG f\u00fcr eigene Inhalte auf diesen Seiten nach den allgemeinen\u00a0Gesetzen verantwortlich. Nach \u00a7\u00a7 8 bis 10 TMG sind wir als Diensteanbieter jedoch nicht verpflichtet,\u00a0\u00fcbermittelte oder gespeicherte fremde Informationen zu \u00fcberwachen oder nach Umst\u00e4nden zu forschen, die auf\u00a0eine rechtswidrige T\u00e4tigkeit hinweisen. Verpflichtungen zur Entfernung oder Sperrung der Nutzung von\u00a0Informationen nach den allgemeinen Gesetzen bleiben hiervon unber\u00fchrt. Eine diesbez\u00fcgliche Haftung ist\u00a0jedoch erst ab dem Zeitpunkt der Kenntnis einer konkreten Rechtsverletzung m\u00f6glich. Bei Bekanntwerden von\u00a0entsprechenden Rechtsverletzungen werden wir diese Inhalte umgehend entfernen.<\/p>\n<p class=\"font_8\">\u200b<\/p>\n<p class=\"font_8\">Haftung f\u00fcr Links<\/p>\n<p class=\"font_8\">\u200b<\/p>\n<p class=\"font_8\">Unser Angebot enth\u00e4lt Links zu externen Webseiten Dritter, auf deren Inhalte wir keinen Einfluss haben.\u00a0Deshalb k\u00f6nnen wir f\u00fcr diese fremden Inhalte auch keine Gew\u00e4hr \u00fcbernehmen. F\u00fcr die Inhalte der verlinkten\u00a0Seiten ist stets der jeweilige Anbieter oder Betreiber der Seiten verantwortlich. Die verlinkten Seiten wurden zum\u00a0Zeitpunkt der Verlinkung auf m\u00f6gliche Rechtsverst\u00f6\u00dfe \u00fcberpr\u00fcft. Rechtswidrige Inhalte waren zum Zeitpunkt der\u00a0Verlinkung nicht erkennbar.\u00a0Eine permanente inhaltliche Kontrolle der verlinkten Seiten ist jedoch ohne konkrete\u00a0Anhaltspunkte einer Rechtsverletzung nicht zumutbar. Bei\u00a0Bekanntwerden von Rechtsverletzungen werden wir\u00a0derartige Links umgehend entfernen.<\/p>\n<p class=\"font_8\">\u200b<\/p>\n<p class=\"font_8\">Urheberrecht<\/p>\n<p class=\"font_8\">\u200b<\/p>\n<p class=\"font_8\">Die durch die Seitenbetreiber erstellten Inhalte und Werke auf diesen Seiten unterliegen dem deutschen\u00a0Urheberrecht. Die Vervielf\u00e4ltigung, Bearbeitung,\u00a0Verbreitung und jede Art der Verwertung au\u00dferhalb der\u00a0Grenzen des Urheberrechtes bed\u00fcrfen der schriftlichen Zustimmung des jeweiligen Autors bzw. Erstellers.\u00a0Downloads und Kopien dieser Seite sind nur f\u00fcr den privaten, nicht kommerziellen Gebrauch gestattet. Soweit\u00a0die Inhalte auf dieser Seite nicht vom Betreiber erstellt wurden, werden die Urheberrechte Dritter beachtet.\u00a0Insbesondere werden Inhalte Dritter als solche gekennzeichnet. Sollten Sie trotzdem auf eine\u00a0Urheberrechtsverletzung aufmerksam werden, bitten wir um einen entsprechenden Hinweis. Bei Bekanntwerden \u00a0von Rechtsverletzungen werden wir derartige Inhalte umgehend entfernen.<\/p>\n<p class=\"font_8\">\u200b<\/p>\n<p class=\"font_8\">Datenschutzerkl\u00e4rung:<\/p>\n<p class=\"font_8\">Datenschutz<\/p>\n<p class=\"font_8\">\u200b<\/p>\n<p class=\"font_8\">Die Betreiber dieser Seiten nehmen den Schutz Ihrer pers\u00f6nlichen Daten sehr ernst. Wir behandeln Ihre\u00a0personenbezogenen Daten vertraulich und entsprechend der gesetzlichen Datenschutzvorschriften sowie dieser\u00a0Datenschutzerkl\u00e4rung.\u00a0Die Nutzung unserer Webseite ist in der Regel ohne Angabe personenbezogener Daten m\u00f6glich. Soweit auf\u00a0unseren Seiten personenbezogene Daten (beispielsweise Name, Anschrift oder E-Mail-Adressen) erhoben\u00a0werden, erfolgt dies, soweit m\u00f6glich, stets auf freiwilliger Basis. Diese Daten werden ohne Ihre ausdr\u00fcckliche\u00a0Zustimmung nicht an Dritte weitergegeben.\u00a0Wir weisen darauf hin, dass die Daten\u00fcbertragung im Internet (z.B. bei der Kommunikation per E-Mail)\u00a0Sicherheitsl\u00fccken aufweisen kann. Ein l\u00fcckenloser Schutz der Daten vor dem Zugriff durch Dritte ist nicht\u00a0m\u00f6glich.<\/p>\n<p class=\"font_8\">\u200b<\/p>\n<p class=\"font_8\">Datenschutzerkl\u00e4rung f\u00fcr die Nutzung von Facebook-Plugins (Like-Button)<\/p>\n<p class=\"font_8\">\u200b<\/p>\n<p class=\"font_8\">Auf unseren Seiten sind Plugins des sozialen Netzwerks Facebook, Anbieter Facebook Inc., 1 Hacker Way,\u00a0Menlo Park, California 94025, USA, integriert. Die Facebook-Plugins erkennen Sie an dem Facebook-Logo oder\u00a0dem \u201eLike-Button\u201c (\u201eGef\u00e4llt mir\u201c) auf unserer Seite. Eine \u00dcbersicht \u00fcber die Facebook-Plugins finden Sie hier:\u00a0http:\/\/developers.facebook.com\/docs\/plugins\/.\u00a0Wenn Sie unsere Seiten besuchen, wird \u00fcber das Plugin eine direkte Verbindung zwischen Ihrem Browser und\u00a0dem Facebook-Server hergestellt. Facebook erh\u00e4lt dadurch die Information, dass Sie mit Ihrer IP-Adresse\u00a0unsere Seite besucht haben. Wenn Sie den Facebook \u201eLike-Button\u201c anklicken w\u00e4hrend Sie in Ihrem Facebook-\u00a0Account eingeloggt sind, k\u00f6nnen Sie die Inhalte unserer Seiten auf Ihrem Facebook-Profil verlinken. Dadurch\u00a0kann Facebook den Besuch unserer Seiten Ihrem Benutzerkonto zuordnen. Wir weisen darauf hin, dass wir als\u00a0Anbieter\u00a0der Seiten keine Kenntnis vom Inhalt der \u00fcbermittelten Daten sowie deren Nutzung durch Facebook\u00a0erhalten. Weitere Informationen hierzu finden Sie in der Datenschutzerkl\u00e4rung von Facebook unter\u00a0http:\/\/de-de.facebook.com\/policy.php.\u00a0Wenn Sie nicht w\u00fcnschen, dass Facebook den Besuch\u00a0unserer Seiten Ihrem Facebook- Nutzerkonto zuordnen\u00a0kann, loggen Sie sich bitte aus Ihrem Facebook-Benutzerkonto aus.<\/p>\n<p class=\"font_8\">\u200b<\/p>\n<p class=\"font_8\">Datenschutzerkl\u00e4rung f\u00fcr die Nutzung von Google +1<\/p>\n<p class=\"font_8\">\u200b<\/p>\n<p class=\"font_8\">Unsere Seiten nutzen Funktionen von Google +1. Anbieter ist die Google Inc. 1600 Amphitheatre Parkway\u00a0Mountain View, CA 94043, USA.\u00a0Erfassung und\u00a0Weitergabe von Informationen: Mithilfe der Google +1-Schaltfl\u00e4che k\u00f6nnen Sie Informationen\u00a0weltweit ver\u00f6ffentlichen. \u00fcber die Google +1-Schaltfl\u00e4che\u00a0erhalten Sie und andere Nutzer personalisierte Inhalte\u00a0von Google und unseren Partnern. Google speichert sowohl die Information, dass Sie f\u00fcr einen Inhalt +1\u00a0gegeben haben, als auch Informationen \u00fcber die Seite, die Sie beim Klicken auf +1 angesehen haben. Ihre +1\u00a0k\u00f6nnen als Hinweise zusammen\u00a0mit Ihrem Profilnamen und Ihrem Foto in Google-Diensten, wie etwa in\u00a0Suchergebnissen oder in Ihrem Google-Profil, oder an anderen Stellen auf Websites und Anzeigen im Internet\u00a0eingeblendet werden. Google zeichnet Informationen \u00fcber Ihre +1-Aktivit\u00e4ten auf, um die Google-Dienste f\u00fcr Sie\u00a0und\u00a0andere zu verbessern. Um die Google +1-Schaltfl\u00e4che verwenden zu k\u00f6nnen, ben\u00f6tigen Sie ein weltweit\u00a0sichtbares, \u00f6ffentliches Google-Profil, das\u00a0zumindest den f\u00fcr das Profil gew\u00e4hlten Namen enthalten muss.\u00a0Dieser Name wird in allen Google-Diensten verwendet. In manchen F\u00e4llen kann dieser Name auch einen\u00a0anderen Namen ersetzen, den Sie beim Teilen von Inhalten \u00fcber Ihr Google-Konto verwendet haben. Die\u00a0Identit\u00e4t Ihres Google- Profils kann Nutzern angezeigt werden, die Ihre E-Mail-Adresse kennen oder \u00fcber andere\u00a0identifizierende Informationen von Ihnen verf\u00fcgen\u00a0Verwendung der erfassten Informationen: Neben den oben erl\u00e4uterten Verwendungszwecken werden die von\u00a0Ihnen bereitgestellten Informationen gem\u00e4\u00df den geltenden\u00a0Google-Datenschutzbestimmungen genutzt. Google\u00a0ver\u00f6ffentlicht m\u00f6glicherweise zusammengefasste Statistiken \u00fcber die +1-Aktivit\u00e4ten der Nutzer\u00a0bzw. gibt diese\u00a0an Nutzer und Partner weiter, wie etwa Publisher, Inserenten oder verbundene Websites.<\/p>\n<p class=\"font_8\">\u200b<\/p>\n<p class=\"font_8\">Datenschutzerkl\u00e4rung f\u00fcr die Nutzung von Twitter<\/p>\n<p class=\"font_8\">\u200b<\/p>\n<p class=\"font_8\">Auf unseren Seiten sind Funktionen des Dienstes Twitter eingebunden. Diese Funktionen werden angeboten\u00a0durch die Twitter Inc., 1355 Market Street, Suite 900, San Francisco, CA 94103, USA. Durch das Benutzen von\u00a0Twitter und der Funktion \u201eRe-Tweet\u201c werden die von Ihnen besuchten Webseiten mit Ihrem\u00a0Twitter-Account\u00a0verkn\u00fcpft und anderen Nutzern bekannt gegeben. Dabei werden auch Daten an Twitter \u00fcbertragen. Wir weisen\u00a0darauf hin, dass wir als Anbieter der Seiten keine Kenntnis vom Inhalt der \u00fcbermittelten Daten sowie deren\u00a0Nutzung durch Twitter erhalten. Weitere Informationen hierzu finden Sie in der Datenschutzerkl\u00e4rung von Twitter\u00a0unter http:\/\/twitter.com\/privacy.\u00a0Ihre Datenschutzeinstellungen bei Twitter k\u00f6nnen Sie in den Konto-Einstellungen unter\u00a0http:\/\/twitter.com\/account\/settings \u00e4ndern.<\/p>\n<p class=\"font_8\">\u200b<\/p>\n<p class=\"font_8\">Auskunft, L\u00f6schung, Sperrung<\/p>\n<p class=\"font_8\">\u200b<\/p>\n<p class=\"font_8\">Sie haben jederzeit das Recht auf unentgeltliche Auskunft \u00fcber Ihre gespeicherten personenbezogenen Daten,\u00a0deren Herkunft und Empf\u00e4nger und den Zweck\u00a0der Datenverarbeitung sowie ein Recht auf Berichtigung,\u00a0Sperrung oder L\u00f6schung dieser Daten. Hierzu sowie zu weiteren Fragen zum Thema\u00a0personenbezogene Daten\u00a0k\u00f6nnen Sie sich jederzeit unter der im Impressum angegebenen Adresse an uns wenden.<\/p>\n<p class=\"font_8\">\u200b<\/p>\n<p class=\"font_8\">Kontaktformular<\/p>\n<p class=\"font_8\">\u200b<\/p>\n<p class=\"font_8\">Wenn Sie uns per Kontaktformular Anfragen zukommen lassen, werden Ihre Angaben aus dem Anfrageformular\u00a0inklusive der von Ihnen dort angegebenen\u00a0Kontaktdaten zwecks Bearbeitung der Anfrage und f\u00fcr den Fall von\u00a0Anschlussfragen bei uns gespeichert. Diese Daten geben wir nicht ohne Ihre\u00a0Einwilligung weiter.<\/p>\n","protected":false},"excerpt":{"rendered":"<p>IMPRESSUM Bildrechte: Alle Werke und Webgrafiken sind durch das g\u00fcltige deutsche Urheberrecht gesch\u00fctzt. Dieses liegt, soweit nicht anders deklariert, bei Jan-Hendrik Helm. Eine Weitergabe\/Verwendung ohne ausdr\u00fcckliche schriftliche Genehmigung des Fotografen &amp; Rechtsinhabers\u00a0 ist nicht gestattet. Haftungshinweis: Trotz sorgf\u00e4ltiger inhaltlicher Kontrolle \u00fcbernehmen wir keine Haftung f\u00fcr die Inhalte externer Links. F\u00fcr den Inhalt der verlinkten Seiten<a class=\"rmore\" href=\"https:\/\/helmfoto.net\/?page_id=409\">&nbsp;&nbsp; Read More &#8230;<\/a><\/p>\n","protected":false},"author":1,"featured_media":0,"parent":0,"menu_order":0,"comment_status":"open","ping_status":"open","template":"","meta":[],"_links":{"self":[{"href":"https:\/\/helmfoto.net\/index.php?rest_route=\/wp\/v2\/pages\/409"}],"collection":[{"href":"https:\/\/helmfoto.net\/index.php?rest_route=\/wp\/v2\/pages"}],"about":[{"href":"https:\/\/helmfoto.net\/index.php?rest_route=\/wp\/v2\/types\/page"}],"author":[{"embeddable":true,"href":"https:\/\/helmfoto.net\/index.php?rest_route=\/wp\/v2\/users\/1"}],"replies":[{"embeddable":true,"href":"https:\/\/helmfoto.net\/index.php?rest_route=%2Fwp%2Fv2%2Fcomments&post=409"}],"version-history":[{"count":2,"href":"https:\/\/helmfoto.net\/index.php?rest_route=\/wp\/v2\/pages\/409\/revisions"}],"predecessor-version":[{"id":582,"href":"https:\/\/helmfoto.net\/index.php?rest_route=\/wp\/v2\/pages\/409\/revisions\/582"}],"wp:attachment":[{"href":"https:\/\/helmfoto.net\/index.php?rest_route=%2Fwp%2Fv2%2Fmedia&parent=409"}],"curies":[{"name":"wp","href":"https:\/\/api.w.org\/{rel}","templated":true}]}}