{"id":261,"date":"2013-05-30T23:30:50","date_gmt":"2013-05-30T21:30:50","guid":{"rendered":"http:\/\/helmfoto.net\/?page_id=261"},"modified":"2013-05-30T23:30:50","modified_gmt":"2013-05-30T21:30:50","slug":"wewels-rock-city","status":"publish","type":"page","link":"https:\/\/helmfoto.net\/?page_id=261","title":{"rendered":"Wewels-Rock-City"},"content":{"rendered":"<p>Nicht ganz so gro\u00df wie das W:O:A, aber dennoch gute Musik mit dabei.<\/p>\n<p>In Wewelsfleth, ein kleines Dorf, wo die St\u00f6r in die Elbe m\u00fcndet, wird seit einiger Zeit ein kleines Festial aufgezogen. Beim vergangen Mal war ich mit dabei und habe mir eine sehr junge Gruppe angeh\u00f6rt, die eine wohlklingende Mischung aus Indie\/Rock und Metal gemacht hat. Nicht gerade zimperlig waren die drei Jungs, wenn es darum ging, die gesamte B\u00fchne zu bespielen.<\/p>\n<p>Kurz gefasst: coole Musik, coole Band. Seht selbst:<\/p>\n\n\t\t<style type=\"text\/css\">\n\t\t\t#gallery-1 {\n\t\t\t\tmargin: auto;\n\t\t\t}\n\t\t\t#gallery-1 .gallery-item {\n\t\t\t\tfloat: left;\n\t\t\t\tmargin-top: 10px;\n\t\t\t\ttext-align: center;\n\t\t\t\twidth: 33%;\n\t\t\t}\n\t\t\t#gallery-1 img {\n\t\t\t\tborder: 2px solid #cfcfcf;\n\t\t\t}\n\t\t\t#gallery-1 .gallery-caption {\n\t\t\t\tmargin-left: 0;\n\t\t\t}\n\t\t\t\/* see gallery_shortcode() in wp-includes\/media.php *\/\n\t\t<\/style>\n\t\t<div id='gallery-1' class='gallery galleryid-261 gallery-columns-3 gallery-size-thumbnail'><dl class='gallery-item'>\n\t\t\t<dt class='gallery-icon landscape'>\n\t\t\t\t<a href='https:\/\/helmfoto.net\/wp-content\/uploads\/2013\/05\/jhh_wrc23.jpg'><img width=\"150\" height=\"150\" src=\"https:\/\/helmfoto.net\/wp-content\/uploads\/2013\/05\/jhh_wrc23-150x150.jpg\" class=\"attachment-thumbnail size-thumbnail\" alt=\"\" loading=\"lazy\" \/><\/a>\n\t\t\t<\/dt><\/dl><dl class='gallery-item'>\n\t\t\t<dt class='gallery-icon landscape'>\n\t\t\t\t<a href='https:\/\/helmfoto.net\/wp-content\/uploads\/2013\/05\/jhh_wrc22.jpg'><img width=\"150\" height=\"150\" src=\"https:\/\/helmfoto.net\/wp-content\/uploads\/2013\/05\/jhh_wrc22-150x150.jpg\" class=\"attachment-thumbnail size-thumbnail\" alt=\"\" loading=\"lazy\" \/><\/a>\n\t\t\t<\/dt><\/dl><dl class='gallery-item'>\n\t\t\t<dt class='gallery-icon landscape'>\n\t\t\t\t<a href='https:\/\/helmfoto.net\/wp-content\/uploads\/2013\/05\/jhh_wrc21.jpg'><img width=\"150\" height=\"150\" src=\"https:\/\/helmfoto.net\/wp-content\/uploads\/2013\/05\/jhh_wrc21-150x150.jpg\" class=\"attachment-thumbnail size-thumbnail\" alt=\"\" loading=\"lazy\" \/><\/a>\n\t\t\t<\/dt><\/dl><br style=\"clear: both\" \/><dl class='gallery-item'>\n\t\t\t<dt class='gallery-icon portrait'>\n\t\t\t\t<a href='https:\/\/helmfoto.net\/wp-content\/uploads\/2013\/05\/jhh_wrc20.jpg'><img width=\"150\" height=\"150\" src=\"https:\/\/helmfoto.net\/wp-content\/uploads\/2013\/05\/jhh_wrc20-150x150.jpg\" class=\"attachment-thumbnail size-thumbnail\" alt=\"\" loading=\"lazy\" \/><\/a>\n\t\t\t<\/dt><\/dl><dl class='gallery-item'>\n\t\t\t<dt class='gallery-icon portrait'>\n\t\t\t\t<a href='https:\/\/helmfoto.net\/wp-content\/uploads\/2013\/05\/jhh_wrc16.jpg'><img width=\"150\" height=\"150\" src=\"https:\/\/helmfoto.net\/wp-content\/uploads\/2013\/05\/jhh_wrc16-150x150.jpg\" class=\"attachment-thumbnail size-thumbnail\" alt=\"\" loading=\"lazy\" \/><\/a>\n\t\t\t<\/dt><\/dl><dl class='gallery-item'>\n\t\t\t<dt class='gallery-icon portrait'>\n\t\t\t\t<a href='https:\/\/helmfoto.net\/wp-content\/uploads\/2013\/05\/jhh_wrc17.jpg'><img width=\"150\" height=\"150\" src=\"https:\/\/helmfoto.net\/wp-content\/uploads\/2013\/05\/jhh_wrc17-150x150.jpg\" class=\"attachment-thumbnail size-thumbnail\" alt=\"\" loading=\"lazy\" \/><\/a>\n\t\t\t<\/dt><\/dl><br style=\"clear: both\" \/><dl class='gallery-item'>\n\t\t\t<dt class='gallery-icon landscape'>\n\t\t\t\t<a href='https:\/\/helmfoto.net\/wp-content\/uploads\/2013\/05\/jhh_wrc18.jpg'><img width=\"150\" height=\"150\" src=\"https:\/\/helmfoto.net\/wp-content\/uploads\/2013\/05\/jhh_wrc18-150x150.jpg\" class=\"attachment-thumbnail size-thumbnail\" alt=\"\" loading=\"lazy\" \/><\/a>\n\t\t\t<\/dt><\/dl><dl class='gallery-item'>\n\t\t\t<dt class='gallery-icon landscape'>\n\t\t\t\t<a href='https:\/\/helmfoto.net\/wp-content\/uploads\/2013\/05\/jhh_wrc19.jpg'><img width=\"150\" height=\"150\" src=\"https:\/\/helmfoto.net\/wp-content\/uploads\/2013\/05\/jhh_wrc19-150x150.jpg\" class=\"attachment-thumbnail size-thumbnail\" alt=\"\" loading=\"lazy\" \/><\/a>\n\t\t\t<\/dt><\/dl><dl class='gallery-item'>\n\t\t\t<dt class='gallery-icon portrait'>\n\t\t\t\t<a href='https:\/\/helmfoto.net\/wp-content\/uploads\/2013\/05\/jhh_wrc15.jpg'><img width=\"150\" height=\"150\" src=\"https:\/\/helmfoto.net\/wp-content\/uploads\/2013\/05\/jhh_wrc15-150x150.jpg\" class=\"attachment-thumbnail size-thumbnail\" alt=\"\" loading=\"lazy\" \/><\/a>\n\t\t\t<\/dt><\/dl><br style=\"clear: both\" \/><dl class='gallery-item'>\n\t\t\t<dt class='gallery-icon portrait'>\n\t\t\t\t<a href='https:\/\/helmfoto.net\/wp-content\/uploads\/2013\/05\/jhh_wrc14.jpg'><img width=\"150\" height=\"150\" src=\"https:\/\/helmfoto.net\/wp-content\/uploads\/2013\/05\/jhh_wrc14-150x150.jpg\" class=\"attachment-thumbnail size-thumbnail\" alt=\"\" loading=\"lazy\" \/><\/a>\n\t\t\t<\/dt><\/dl><dl class='gallery-item'>\n\t\t\t<dt class='gallery-icon landscape'>\n\t\t\t\t<a href='https:\/\/helmfoto.net\/wp-content\/uploads\/2013\/05\/jhh_wrc13.jpg'><img width=\"150\" height=\"150\" src=\"https:\/\/helmfoto.net\/wp-content\/uploads\/2013\/05\/jhh_wrc13-150x150.jpg\" class=\"attachment-thumbnail size-thumbnail\" alt=\"\" loading=\"lazy\" \/><\/a>\n\t\t\t<\/dt><\/dl><dl class='gallery-item'>\n\t\t\t<dt class='gallery-icon portrait'>\n\t\t\t\t<a href='https:\/\/helmfoto.net\/wp-content\/uploads\/2013\/05\/jhh_wrc08.jpg'><img width=\"150\" height=\"150\" src=\"https:\/\/helmfoto.net\/wp-content\/uploads\/2013\/05\/jhh_wrc08-150x150.jpg\" class=\"attachment-thumbnail size-thumbnail\" alt=\"\" loading=\"lazy\" \/><\/a>\n\t\t\t<\/dt><\/dl><br style=\"clear: both\" \/><dl class='gallery-item'>\n\t\t\t<dt class='gallery-icon landscape'>\n\t\t\t\t<a href='https:\/\/helmfoto.net\/wp-content\/uploads\/2013\/05\/jhh_wrc09.jpg'><img width=\"150\" height=\"150\" src=\"https:\/\/helmfoto.net\/wp-content\/uploads\/2013\/05\/jhh_wrc09-150x150.jpg\" class=\"attachment-thumbnail size-thumbnail\" alt=\"\" loading=\"lazy\" \/><\/a>\n\t\t\t<\/dt><\/dl><dl class='gallery-item'>\n\t\t\t<dt class='gallery-icon landscape'>\n\t\t\t\t<a href='https:\/\/helmfoto.net\/wp-content\/uploads\/2013\/05\/jhh_wrc101.jpg'><img width=\"150\" height=\"150\" src=\"https:\/\/helmfoto.net\/wp-content\/uploads\/2013\/05\/jhh_wrc101-150x150.jpg\" class=\"attachment-thumbnail size-thumbnail\" alt=\"\" loading=\"lazy\" \/><\/a>\n\t\t\t<\/dt><\/dl><dl class='gallery-item'>\n\t\t\t<dt class='gallery-icon landscape'>\n\t\t\t\t<a href='https:\/\/helmfoto.net\/wp-content\/uploads\/2013\/05\/jhh_wrc111.jpg'><img width=\"150\" height=\"150\" src=\"https:\/\/helmfoto.net\/wp-content\/uploads\/2013\/05\/jhh_wrc111-150x150.jpg\" class=\"attachment-thumbnail size-thumbnail\" alt=\"\" loading=\"lazy\" \/><\/a>\n\t\t\t<\/dt><\/dl><br style=\"clear: both\" \/><dl class='gallery-item'>\n\t\t\t<dt class='gallery-icon portrait'>\n\t\t\t\t<a href='https:\/\/helmfoto.net\/wp-content\/uploads\/2013\/05\/jhh_wrc07.jpg'><img width=\"150\" height=\"150\" src=\"https:\/\/helmfoto.net\/wp-content\/uploads\/2013\/05\/jhh_wrc07-150x150.jpg\" class=\"attachment-thumbnail size-thumbnail\" alt=\"\" loading=\"lazy\" \/><\/a>\n\t\t\t<\/dt><\/dl><dl class='gallery-item'>\n\t\t\t<dt class='gallery-icon portrait'>\n\t\t\t\t<a href='https:\/\/helmfoto.net\/wp-content\/uploads\/2013\/05\/jhh_wrc06.jpg'><img width=\"150\" height=\"150\" src=\"https:\/\/helmfoto.net\/wp-content\/uploads\/2013\/05\/jhh_wrc06-150x150.jpg\" class=\"attachment-thumbnail size-thumbnail\" alt=\"\" loading=\"lazy\" \/><\/a>\n\t\t\t<\/dt><\/dl><dl class='gallery-item'>\n\t\t\t<dt class='gallery-icon portrait'>\n\t\t\t\t<a href='https:\/\/helmfoto.net\/wp-content\/uploads\/2013\/05\/jhh_wrc04.jpg'><img width=\"150\" height=\"150\" src=\"https:\/\/helmfoto.net\/wp-content\/uploads\/2013\/05\/jhh_wrc04-150x150.jpg\" class=\"attachment-thumbnail size-thumbnail\" alt=\"\" loading=\"lazy\" \/><\/a>\n\t\t\t<\/dt><\/dl><br style=\"clear: both\" \/><dl class='gallery-item'>\n\t\t\t<dt class='gallery-icon portrait'>\n\t\t\t\t<a href='https:\/\/helmfoto.net\/wp-content\/uploads\/2013\/05\/jhh_wrc01.jpg'><img width=\"150\" height=\"150\" src=\"https:\/\/helmfoto.net\/wp-content\/uploads\/2013\/05\/jhh_wrc01-150x150.jpg\" class=\"attachment-thumbnail size-thumbnail\" alt=\"\" loading=\"lazy\" \/><\/a>\n\t\t\t<\/dt><\/dl><dl class='gallery-item'>\n\t\t\t<dt class='gallery-icon landscape'>\n\t\t\t\t<a href='https:\/\/helmfoto.net\/wp-content\/uploads\/2013\/05\/jhh_wrc24.jpg'><img width=\"150\" height=\"150\" src=\"https:\/\/helmfoto.net\/wp-content\/uploads\/2013\/05\/jhh_wrc24-150x150.jpg\" class=\"attachment-thumbnail size-thumbnail\" alt=\"\" loading=\"lazy\" \/><\/a>\n\t\t\t<\/dt><\/dl><dl class='gallery-item'>\n\t\t\t<dt class='gallery-icon portrait'>\n\t\t\t\t<a href='https:\/\/helmfoto.net\/wp-content\/uploads\/2013\/05\/jhh_wrc02.jpg'><img width=\"150\" height=\"150\" src=\"https:\/\/helmfoto.net\/wp-content\/uploads\/2013\/05\/jhh_wrc02-150x150.jpg\" class=\"attachment-thumbnail size-thumbnail\" alt=\"\" loading=\"lazy\" \/><\/a>\n\t\t\t<\/dt><\/dl><br style=\"clear: both\" \/><dl class='gallery-item'>\n\t\t\t<dt class='gallery-icon landscape'>\n\t\t\t\t<a href='https:\/\/helmfoto.net\/wp-content\/uploads\/2013\/05\/jhh_wrc03.jpg'><img width=\"150\" height=\"150\" src=\"https:\/\/helmfoto.net\/wp-content\/uploads\/2013\/05\/jhh_wrc03-150x150.jpg\" class=\"attachment-thumbnail size-thumbnail\" alt=\"\" loading=\"lazy\" \/><\/a>\n\t\t\t<\/dt><\/dl><dl class='gallery-item'>\n\t\t\t<dt class='gallery-icon landscape'>\n\t\t\t\t<a href='https:\/\/helmfoto.net\/wp-content\/uploads\/2013\/05\/jhh_wrc11.jpg'><img width=\"150\" height=\"150\" src=\"https:\/\/helmfoto.net\/wp-content\/uploads\/2013\/05\/jhh_wrc11-150x150.jpg\" class=\"attachment-thumbnail size-thumbnail\" alt=\"\" loading=\"lazy\" \/><\/a>\n\t\t\t<\/dt><\/dl><dl class='gallery-item'>\n\t\t\t<dt class='gallery-icon landscape'>\n\t\t\t\t<a href='https:\/\/helmfoto.net\/wp-content\/uploads\/2013\/05\/jhh_wrc12.jpg'><img width=\"150\" height=\"150\" src=\"https:\/\/helmfoto.net\/wp-content\/uploads\/2013\/05\/jhh_wrc12-150x150.jpg\" class=\"attachment-thumbnail size-thumbnail\" alt=\"\" loading=\"lazy\" \/><\/a>\n\t\t\t<\/dt><\/dl><br style=\"clear: both\" \/>\n\t\t<\/div>\n\n","protected":false},"excerpt":{"rendered":"<p>Nicht ganz so gro\u00df wie das W:O:A, aber dennoch gute Musik mit dabei. In Wewelsfleth, ein kleines Dorf, wo die St\u00f6r in die Elbe m\u00fcndet, wird seit einiger Zeit ein kleines Festial aufgezogen. Beim vergangen Mal war ich mit dabei und habe mir eine sehr junge Gruppe angeh\u00f6rt, die eine wohlklingende Mischung aus Indie\/Rock und<a class=\"rmore\" href=\"https:\/\/helmfoto.net\/?page_id=261\">&nbsp;&nbsp; Read More &#8230;<\/a><\/p>\n","protected":false},"author":1,"featured_media":0,"parent":0,"menu_order":0,"comment_status":"open","ping_status":"open","template":"","meta":[],"_links":{"self":[{"href":"https:\/\/helmfoto.net\/index.php?rest_route=\/wp\/v2\/pages\/261"}],"collection":[{"href":"https:\/\/helmfoto.net\/index.php?rest_route=\/wp\/v2\/pages"}],"about":[{"href":"https:\/\/helmfoto.net\/index.php?rest_route=\/wp\/v2\/types\/page"}],"author":[{"embeddable":true,"href":"https:\/\/helmfoto.net\/index.php?rest_route=\/wp\/v2\/users\/1"}],"replies":[{"embeddable":true,"href":"https:\/\/helmfoto.net\/index.php?rest_route=%2Fwp%2Fv2%2Fcomments&post=261"}],"version-history":[{"count":1,"href":"https:\/\/helmfoto.net\/index.php?rest_route=\/wp\/v2\/pages\/261\/revisions"}],"predecessor-version":[{"id":262,"href":"https:\/\/helmfoto.net\/index.php?rest_route=\/wp\/v2\/pages\/261\/revisions\/262"}],"wp:attachment":[{"href":"https:\/\/helmfoto.net\/index.php?rest_route=%2Fwp%2Fv2%2Fmedia&parent=261"}],"curies":[{"name":"wp","href":"https:\/\/api.w.org\/{rel}","templated":true}]}}